{"id":63,"date":"2022-11-24T22:40:03","date_gmt":"2022-11-24T21:40:03","guid":{"rendered":"https:\/\/kobistudio.ceron.pl\/?page_id=63"},"modified":"2023-10-04T22:22:49","modified_gmt":"2023-10-04T20:22:49","slug":"uslugi","status":"publish","type":"page","link":"https:\/\/twarzowelove.ceron.pl\/","title":{"rendered":"Oferta salonu"},"content":{"rendered":"\n<p><strong>Twarzowe love<\/strong> to pracownia pi\u0119kna cia\u0142a i duszy. Nasz\u0105 misj\u0105 jest naturalna troska o urod\u0119 w duchu slow \u2013 aging oraz dba\u0142o\u015b\u0107 o <strong>czysto\u015b\u0107, zdrowie i pi\u0119kno<\/strong> Twojej sk\u00f3ry. W naszym salonie dobierzemy w\u0142a\u015bciw\u0105 dla Twojej cery piel\u0119gnacj\u0119 domow\u0105 i plan zabiegowy skrojony na miar\u0119 Twojego bud\u017cetu. Specjalizujemy si\u0119 w<strong> liftinguj\u0105cych, relaksuj\u0105cych i prozdrowotnych<\/strong> terapiach manualnych twarzy. Bazujemy na technice znanego od stuleci japo\u0144skiego masa\u017cu <strong>Kobido<\/strong>, wzbogaconego o wsp\u00f3\u0142czesne metody modelowania twarzy. W naszej ofercie znajd\u0105 Pa\u0144stwo r\u00f3wnie\u017c masa\u017c transbukalny, kt\u00f3ry przywraca elastyczno\u015b\u0107 mi\u0119\u015bni g\u0142\u0119bokich w obszarze ust, policzk\u00f3w, co powoduje sp\u0142ycenie bruzdy nosowo-wargowej. Zabieg jest te\u017c bardzo skuteczny w niwelowaniu bruksizmu i ma dzia\u0142anie rozlu\u017aniaj\u0105ce. W Kobistudio s\u0105 dost\u0119pne tak\u017ce terapie <strong>akupresury twarzy<\/strong>, kt\u00f3re zgodnie z filozofi\u0105 medycyny Wschodu przywracaj\u0105 r\u00f3wnowag\u0119 narz\u0105d\u00f3w wewn\u0119trznych w ca\u0142ym organi\u017amie. Uciski wybranych punkt\u00f3w spustowych wp\u0142ywaj\u0105 dobroczynnie na nasze cia\u0142o. Wykonujemy tak\u017ce<strong> skuteczne<\/strong> zabiegi <strong>oczyszczj\u0105ce, odm\u0142adzaj\u0105ce i antycellulitowe<\/strong>.<\/p>\n","protected":false},"excerpt":{"rendered":"<p>Twarzowe love to pracownia pi\u0119kna cia\u0142a i duszy. Nasz\u0105 misj\u0105 jest naturalna troska o urod\u0119 w duchu slow \u2013 aging oraz dba\u0142o\u015b\u0107 o czysto\u015b\u0107, zdrowie i pi\u0119kno Twojej sk\u00f3ry. W naszym salonie dobierzemy w\u0142a\u015bciw\u0105 dla Twojej cery piel\u0119gnacj\u0119 domow\u0105 i plan zabiegowy skrojony na miar\u0119 Twojego bud\u017cetu. Specjalizujemy si\u0119 w liftinguj\u0105cych, relaksuj\u0105cych i prozdrowotnych terapiach &hellip; <\/p>\n<p class=\"link-more\"><a href=\"https:\/\/twarzowelove.ceron.pl\/\" class=\"more-link\">Czytaj dalej<span class=\"screen-reader-text\"> \u201eOferta salonu\u201d<\/span><\/a><\/p>\n","protected":false},"author":1,"featured_media":98,"parent":0,"menu_order":0,"comment_status":"closed","ping_status":"closed","template":"","meta":{"footnotes":""},"class_list":["post-63","page","type-page","status-publish","has-post-thumbnail","hentry"],"_links":{"self":[{"href":"https:\/\/twarzowelove.ceron.pl\/index.php?rest_route=\/wp\/v2\/pages\/63","targetHints":{"allow":["GET"]}}],"collection":[{"href":"https:\/\/twarzowelove.ceron.pl\/index.php?rest_route=\/wp\/v2\/pages"}],"about":[{"href":"https:\/\/twarzowelove.ceron.pl\/index.php?rest_route=\/wp\/v2\/types\/page"}],"author":[{"embeddable":true,"href":"https:\/\/twarzowelove.ceron.pl\/index.php?rest_route=\/wp\/v2\/users\/1"}],"replies":[{"embeddable":true,"href":"https:\/\/twarzowelove.ceron.pl\/index.php?rest_route=%2Fwp%2Fv2%2Fcomments&post=63"}],"version-history":[{"count":4,"href":"https:\/\/twarzowelove.ceron.pl\/index.php?rest_route=\/wp\/v2\/pages\/63\/revisions"}],"predecessor-version":[{"id":137,"href":"https:\/\/twarzowelove.ceron.pl\/index.php?rest_route=\/wp\/v2\/pages\/63\/revisions\/137"}],"wp:featuredmedia":[{"embeddable":true,"href":"https:\/\/twarzowelove.ceron.pl\/index.php?rest_route=\/wp\/v2\/media\/98"}],"wp:attachment":[{"href":"https:\/\/twarzowelove.ceron.pl\/index.php?rest_route=%2Fwp%2Fv2%2Fmedia&parent=63"}],"curies":[{"name":"wp","href":"https:\/\/api.w.org\/{rel}","templated":true}]}}