{"id":47,"date":"2022-11-24T22:23:26","date_gmt":"2022-11-24T21:23:26","guid":{"rendered":"https:\/\/kobistudio.ceron.pl\/?page_id=47"},"modified":"2023-10-04T22:36:24","modified_gmt":"2023-10-04T20:36:24","slug":"cennik","status":"publish","type":"page","link":"https:\/\/twarzowelove.ceron.pl\/?page_id=47","title":{"rendered":"Vouchery"},"content":{"rendered":"\n<p><strong>Voucher <\/strong>to doskona\u0142y pomys\u0142 na <strong>prezent dla bliskiej osoby<\/strong> na <strong>\u015bwi\u0119ta, Walentynki, urodziny, wieczory panie\u0144skie, rocznice \u015blubu <\/strong>i inne pi\u0119kne okazje! Posiadamy w ofercie bony podarunkowe. Wystarczy napisa\u0107 do nas kr\u00f3tk\u0105 wiadomo\u015b\u0107, na jak\u0105 kwot\u0119 ma by\u0107 wypisany Voucher (oferta w cenniku) i poda\u0107 adres zamieszkania. P\u0142atno\u015bci mo\u017cna dokona\u0107 blikiem na wskazany w kontakcie numer telefonu lub te\u017c na numer konta bankowego. Bon podarunkowy zostanie przes\u0142any kurierem zaraz po zaksi\u0119gowaniu wp\u0142aty. Mo\u017cna te\u017c naby\u0107 bon w siedzibie naszego salonu. Je\u015bli jeste\u015b szcz\u0119\u015bliwym nabywc\u0105 bonu, skontaktuj si\u0119 z nami telefonicznie w ci\u0105gu trzech miesi\u0119cy od otrzymania prezentu i um\u00f3w si\u0119 na zabieg w dogodnym dla siebie terminie.<br>Wa\u017cno\u015b\u0107 vouchera: 90 dni<\/p>\n","protected":false},"excerpt":{"rendered":"<p>Voucher to doskona\u0142y pomys\u0142 na prezent dla bliskiej osoby na \u015bwi\u0119ta, Walentynki, urodziny, wieczory panie\u0144skie, rocznice \u015blubu i inne pi\u0119kne okazje! Posiadamy w ofercie bony podarunkowe. Wystarczy napisa\u0107 do nas kr\u00f3tk\u0105 wiadomo\u015b\u0107, na jak\u0105 kwot\u0119 ma by\u0107 wypisany Voucher (oferta w cenniku) i poda\u0107 adres zamieszkania. P\u0142atno\u015bci mo\u017cna dokona\u0107 blikiem na wskazany w kontakcie numer &hellip; <\/p>\n<p class=\"link-more\"><a href=\"https:\/\/twarzowelove.ceron.pl\/?page_id=47\" class=\"more-link\">Czytaj dalej<span class=\"screen-reader-text\"> \u201eVouchery\u201d<\/span><\/a><\/p>\n","protected":false},"author":1,"featured_media":37,"parent":0,"menu_order":0,"comment_status":"closed","ping_status":"closed","template":"","meta":{"footnotes":""},"class_list":["post-47","page","type-page","status-publish","has-post-thumbnail","hentry"],"_links":{"self":[{"href":"https:\/\/twarzowelove.ceron.pl\/index.php?rest_route=\/wp\/v2\/pages\/47","targetHints":{"allow":["GET"]}}],"collection":[{"href":"https:\/\/twarzowelove.ceron.pl\/index.php?rest_route=\/wp\/v2\/pages"}],"about":[{"href":"https:\/\/twarzowelove.ceron.pl\/index.php?rest_route=\/wp\/v2\/types\/page"}],"author":[{"embeddable":true,"href":"https:\/\/twarzowelove.ceron.pl\/index.php?rest_route=\/wp\/v2\/users\/1"}],"replies":[{"embeddable":true,"href":"https:\/\/twarzowelove.ceron.pl\/index.php?rest_route=%2Fwp%2Fv2%2Fcomments&post=47"}],"version-history":[{"count":6,"href":"https:\/\/twarzowelove.ceron.pl\/index.php?rest_route=\/wp\/v2\/pages\/47\/revisions"}],"predecessor-version":[{"id":147,"href":"https:\/\/twarzowelove.ceron.pl\/index.php?rest_route=\/wp\/v2\/pages\/47\/revisions\/147"}],"wp:featuredmedia":[{"embeddable":true,"href":"https:\/\/twarzowelove.ceron.pl\/index.php?rest_route=\/wp\/v2\/media\/37"}],"wp:attachment":[{"href":"https:\/\/twarzowelove.ceron.pl\/index.php?rest_route=%2Fwp%2Fv2%2Fmedia&parent=47"}],"curies":[{"name":"wp","href":"https:\/\/api.w.org\/{rel}","templated":true}]}}