{"id":46,"date":"2022-11-24T22:23:26","date_gmt":"2022-11-24T21:23:26","guid":{"rendered":"https:\/\/kobistudio.ceron.pl\/?page_id=46"},"modified":"2023-10-04T22:24:17","modified_gmt":"2023-10-04T20:24:17","slug":"kobido4u","status":"publish","type":"page","link":"https:\/\/twarzowelove.ceron.pl\/?page_id=46","title":{"rendered":"Zabiegi &#8211; Cennik"},"content":{"rendered":"\n<p>MASA\u017b KOBIDO<\/p>\n\n\n\n<p>Masa\u017c Kobido 4U- japo\u0144ski masa\u017c twarzy 60 min. 200 z\u0142<br>Masa\u017c Kobido 3D- masa\u017c Kobido i g\u0142\u0119boki masa\u017c transbukalny 75 min. 250 z\u0142<br>Masa\u017c Kobido 4U +dedykowana ampu\u0142ka (nawil\u017caj\u0105ca lub odm\u0142adzaj\u0105ca) 75 min. 250 z\u0142<br>Masa\u017c Kobido 4U +kinesiotaping estetyczny 75 min. 250 z\u0142<br>Promocja! \u2013 Masa\u017c Kobido + oczyszczanie wodorowe 90 min. 300 z\u0142<\/p>\n\n\n\n<p>ZABIEGI NA TWARZ I CIA\u0141O<\/p>\n\n\n\n<p>Oczyszczanie wodorowe twarzy 200,00 z\u0142<br>Oczyszczanie wodorowe twarzy z dedykowan\u0105 ampu\u0142k\u0105 250,00 z\u0142<br>Peeling kawitacyjny z sonoforez\u0105 100,00 z\u0142<br>Peeling z kwasem migda\u0142owym Norel Dr Wilsz 200,00 z\u0142<br>Masa\u017c antycellulitowy ba\u0144k\u0105 chi\u0144sk\u0105 100,00 z\u0142<br>Mezoterapia nanoig\u0142owa twarzy z dedykowan\u0105 ampu\u0142k\u0105 250,00 z\u0142<\/p>\n","protected":false},"excerpt":{"rendered":"<p>MASA\u017b KOBIDO Masa\u017c Kobido 4U- japo\u0144ski masa\u017c twarzy 60 min. 200 z\u0142Masa\u017c Kobido 3D- masa\u017c Kobido i g\u0142\u0119boki masa\u017c transbukalny 75 min. 250 z\u0142Masa\u017c Kobido 4U +dedykowana ampu\u0142ka (nawil\u017caj\u0105ca lub odm\u0142adzaj\u0105ca) 75 min. 250 z\u0142Masa\u017c Kobido 4U +kinesiotaping estetyczny 75 min. 250 z\u0142Promocja! \u2013 Masa\u017c Kobido + oczyszczanie wodorowe 90 min. 300 z\u0142 ZABIEGI NA &hellip; <\/p>\n<p class=\"link-more\"><a href=\"https:\/\/twarzowelove.ceron.pl\/?page_id=46\" class=\"more-link\">Czytaj dalej<span class=\"screen-reader-text\"> \u201eZabiegi &#8211; Cennik\u201d<\/span><\/a><\/p>\n","protected":false},"author":1,"featured_media":131,"parent":0,"menu_order":0,"comment_status":"closed","ping_status":"closed","template":"","meta":{"footnotes":""},"class_list":["post-46","page","type-page","status-publish","has-post-thumbnail","hentry"],"_links":{"self":[{"href":"https:\/\/twarzowelove.ceron.pl\/index.php?rest_route=\/wp\/v2\/pages\/46","targetHints":{"allow":["GET"]}}],"collection":[{"href":"https:\/\/twarzowelove.ceron.pl\/index.php?rest_route=\/wp\/v2\/pages"}],"about":[{"href":"https:\/\/twarzowelove.ceron.pl\/index.php?rest_route=\/wp\/v2\/types\/page"}],"author":[{"embeddable":true,"href":"https:\/\/twarzowelove.ceron.pl\/index.php?rest_route=\/wp\/v2\/users\/1"}],"replies":[{"embeddable":true,"href":"https:\/\/twarzowelove.ceron.pl\/index.php?rest_route=%2Fwp%2Fv2%2Fcomments&post=46"}],"version-history":[{"count":9,"href":"https:\/\/twarzowelove.ceron.pl\/index.php?rest_route=\/wp\/v2\/pages\/46\/revisions"}],"predecessor-version":[{"id":138,"href":"https:\/\/twarzowelove.ceron.pl\/index.php?rest_route=\/wp\/v2\/pages\/46\/revisions\/138"}],"wp:featuredmedia":[{"embeddable":true,"href":"https:\/\/twarzowelove.ceron.pl\/index.php?rest_route=\/wp\/v2\/media\/131"}],"wp:attachment":[{"href":"https:\/\/twarzowelove.ceron.pl\/index.php?rest_route=%2Fwp%2Fv2%2Fmedia&parent=46"}],"curies":[{"name":"wp","href":"https:\/\/api.w.org\/{rel}","templated":true}]}}