{"id":14,"date":"2022-11-24T21:43:40","date_gmt":"2022-11-24T20:43:40","guid":{"rendered":"https:\/\/kobistudio.ceron.pl\/?page_id=14"},"modified":"2023-10-04T23:15:07","modified_gmt":"2023-10-04T21:15:07","slug":"informacje","status":"publish","type":"page","link":"https:\/\/twarzowelove.ceron.pl\/?page_id=14","title":{"rendered":"O mnie"},"content":{"rendered":"\n<p>Jestem absolwentk\u0105 podyplomowych studi\u00f3w kosmetologicznych oraz kurs\u00f3w, szkole\u0144 i warsztat\u00f3w z zakresu kosmetologii profesjonalnej. Zajmuj\u0119 si\u0119 holistyczn\u0105 piel\u0119gnacj\u0105, obejmuj\u0105c\u0105 nie tylko pi\u0119kno zewn\u0119trzne, ale przede wszystkim duchowy dobrostan cz\u0142owieka. Uwa\u017cam, \u017ce ka\u017cdy z nas jest wyj\u0105tkowy, niepowtarzalny i zas\u0142uguje na dba\u0142o\u015b\u0107 i trosk\u0119. Nasze cia\u0142o jest odbiciem stanu zdrowia i duszy, a piel\u0119gnacja kosmetologiczna to dodatkowe wsparcie dla tych obszar\u00f3w. Jestem pasjonatk\u0105 terapii manualnych twarzy, inspirowanych dalekowschodnimi technikami piel\u0119gnacyjnymi. Specjalizuj\u0119 si\u0119 w japo\u0144skim masa\u017cu twarzy Kobido i nieustannie doskonal\u0119 wiedz\u0119 i umiej\u0119tno\u015bci w tym zakresie. Pasjonuje mnie szeroko poj\u0119ty rozw\u00f3j osobisty, psychologia (self \u2013 care, mindfulness, afirmcje, medytacje). Prywatny czas przeznaczam na taniec, muzyk\u0119 z r\u00f3\u017cnych nurt\u00f3w, rowerowe wyprawy.<\/p>\n","protected":false},"excerpt":{"rendered":"<p>Jestem absolwentk\u0105 podyplomowych studi\u00f3w kosmetologicznych oraz kurs\u00f3w, szkole\u0144 i warsztat\u00f3w z zakresu kosmetologii profesjonalnej. Zajmuj\u0119 si\u0119 holistyczn\u0105 piel\u0119gnacj\u0105, obejmuj\u0105c\u0105 nie tylko pi\u0119kno zewn\u0119trzne, ale przede wszystkim duchowy dobrostan cz\u0142owieka. Uwa\u017cam, \u017ce ka\u017cdy z nas jest wyj\u0105tkowy, niepowtarzalny i zas\u0142uguje na dba\u0142o\u015b\u0107 i trosk\u0119. Nasze cia\u0142o jest odbiciem stanu zdrowia i duszy, a piel\u0119gnacja kosmetologiczna to &hellip; <\/p>\n<p class=\"link-more\"><a href=\"https:\/\/twarzowelove.ceron.pl\/?page_id=14\" class=\"more-link\">Czytaj dalej<span class=\"screen-reader-text\"> \u201eO mnie\u201d<\/span><\/a><\/p>\n","protected":false},"author":1,"featured_media":98,"parent":0,"menu_order":0,"comment_status":"closed","ping_status":"closed","template":"","meta":{"footnotes":""},"class_list":["post-14","page","type-page","status-publish","has-post-thumbnail","hentry"],"_links":{"self":[{"href":"https:\/\/twarzowelove.ceron.pl\/index.php?rest_route=\/wp\/v2\/pages\/14","targetHints":{"allow":["GET"]}}],"collection":[{"href":"https:\/\/twarzowelove.ceron.pl\/index.php?rest_route=\/wp\/v2\/pages"}],"about":[{"href":"https:\/\/twarzowelove.ceron.pl\/index.php?rest_route=\/wp\/v2\/types\/page"}],"author":[{"embeddable":true,"href":"https:\/\/twarzowelove.ceron.pl\/index.php?rest_route=\/wp\/v2\/users\/1"}],"replies":[{"embeddable":true,"href":"https:\/\/twarzowelove.ceron.pl\/index.php?rest_route=%2Fwp%2Fv2%2Fcomments&post=14"}],"version-history":[{"count":2,"href":"https:\/\/twarzowelove.ceron.pl\/index.php?rest_route=\/wp\/v2\/pages\/14\/revisions"}],"predecessor-version":[{"id":166,"href":"https:\/\/twarzowelove.ceron.pl\/index.php?rest_route=\/wp\/v2\/pages\/14\/revisions\/166"}],"wp:featuredmedia":[{"embeddable":true,"href":"https:\/\/twarzowelove.ceron.pl\/index.php?rest_route=\/wp\/v2\/media\/98"}],"wp:attachment":[{"href":"https:\/\/twarzowelove.ceron.pl\/index.php?rest_route=%2Fwp%2Fv2%2Fmedia&parent=14"}],"curies":[{"name":"wp","href":"https:\/\/api.w.org\/{rel}","templated":true}]}}